{"id":668,"date":"2018-12-11T14:41:25","date_gmt":"2018-12-11T14:41:25","guid":{"rendered":"http:\/\/fmcviii.buntmetall.net\/?page_id=668"},"modified":"2024-09-18T17:49:09","modified_gmt":"2024-09-18T16:49:09","slug":"impressum","status":"publish","type":"page","link":"https:\/\/www.full-metal-cruise.com\/de\/impressum\/","title":{"rendered":"Impressum"},"content":{"rendered":"<h1>Impressum<\/h1>\n<h3>Reiseveranstalter der Full Metal Cruise ist die TUI Cruises GmbH.<\/h3>\n<div>\n<p>F\u00fcr die Reise gelten ausschlie\u00dflich die Reise-und Bef\u00f6rderungsbedingungen sowie die AGB von TUI Cruises.<br \/>Diese k\u00f6nnen hier eingesehen werden: <a title=\"TUI Cruises - AGB\" href=\"http:\/\/www.tuicruises.com\/agb\" target=\"_blank\" rel=\"noopener\" data-htmlarea-external=\"1\"> TUI Cruises AGB<\/a><\/p>\n<h3>TUI Cruises GmbH<\/h3>\n<p>Heidenkampsweg 58<br \/>D-20097 Hamburg<br \/>Germany<\/p>\n<p>Internet: <a title=\"TUI Cruises\" href=\"http:\/\/www.tuicruises.com\/\" target=\"_blank\" rel=\"noopener\">www.tuicruises.com<\/a><\/p>\n<p>vertreten durch die Gesch\u00e4ftsf\u00fchrung der TUI Cruises GmbH:<br \/>Wybcke Meier (Vorsitzende), Frank Kuhlmann<\/p>\n<p>Sitz der Gesellschaft: Hamburg<br \/>Handelsregister: Amtsgericht Hamburg<br \/>HRB 105222<br \/>Umsatzsteuer-ID: DE-259608001<\/p>\n<\/div>\n<div>\n<h3>Verantwortlich f\u00fcr die Webseite:<\/h3>\n<p>Angaben gem\u00e4\u00df \u00a75 TMG:<\/p>\n<p>Full Entertainment GmbH<br \/>Schenefelder Str. 17<br \/>25596 Wacken<\/p>\n<p>Handelsregisternummer: HRA 7631 PI<br \/>Amtsgericht Pinneberg<br \/>USt-Id.Nr. DE301982008<\/p>\n<p>Gesch\u00e4ftsf\u00fchrer: Holger H\u00fcbner<\/p>\n<h3>Datenschutzbeauftragter<\/h3>\n<p>Reinher Karl<br \/>HABEWI GmbH &amp; Co. KG, Palmaille 96, 22767 Hamburg<br \/>Telefon: 040\/ 18189800<br \/>Fax: 040\/ 181898099<br \/>E-Mail: datenschutz@habewi.de<\/p>\n<\/div>\n<h3>Webdesign<\/h3>\n<div>\n<p><a href=\"https:\/\/www.buntmetall.net\">BUNTMETALL UG<\/a><\/p>\n<\/div>\n<h3>Fotos<\/h3>\n<div>Buntmetall, Uli Schaarschmidt, Voll Vincent<\/div>\n<h3>Haftungsausschluss<\/h3>\n<h3>Haftung f\u00fcr Inhalte<\/h3>\n<div>\n<p>Die Inhalte dieser Website sind mit verkehrs\u00fcblicher Sorgfalt erstellt, jedoch \u00fcbernimmt der Anbieter keine Gew\u00e4hr daf\u00fcr, dass diese richtig, vollst\u00e4ndig und aktuell sind. Die Nutzung aller Inhalte erfolgt auf eigene Gefahr des Nutzers. Mit Namen versehene Beitr\u00e4ge geben die Meinung des Autors und nicht des Anbieters wieder. Diese Website enth\u00e4lt auch Verkn\u00fcpfungen zu Websites Dritter (&#8222;externe Links&#8220;). Der Anbieter hat sich bei der Einrichtung der externen Links davon \u00fcberzeugt, dass deren Inhalte keine Rechtsverst\u00f6\u00dfe darstellen. Der Anbieter hat weder Einfluss auf die Inhalte der durch externe Links verkn\u00fcpften Seiten, noch deren gegenw\u00e4rtige und k\u00fcnftige Gestaltung. Das Setzen von externen Links zu diesen Inhalten bedeutet auch nicht, dass der Anbieter sie sich zu eigen macht. Eine anlassunabh\u00e4ngige permanente Kontrolle der \u00fcber externe Links verkn\u00fcpften Inhalte ist f\u00fcr den Anbieter nicht m\u00f6glich. Bei Kenntnis von Rechtsverst\u00f6\u00dfen werden jedoch derartige externe Links unverz\u00fcglich gel\u00f6scht.<\/p>\n<p>Die auf dieser Website ver\u00f6ffentlichten Inhalte sind urheber- und leistungsschutzrechtlich gesch\u00fctzt. Jede nicht unmittelbar gesetzlich zugelassene Verwertung (insbesondere Vervielf\u00e4ltigung, Bearbeitung, \u00dcbersetzung, Einspeicherung, Verarbeitung oder Wiedergabe in Datenbanken oder anderen elektronischen Medien und Systemen) bedarf der vorherigen schriftlichen Zustimmung des Anbieters oder sonstigen Rechteinhabers. Inhalte und Rechte Dritter sind als solche gekennzeichnet. Die unerlaubte Verwertung oder Weitergabe der Inhalte (einzeln oder ganzer Seiten) ist verboten und strafbar. Nur Kopien und Downloads f\u00fcr den pers\u00f6nlichen, privaten und nicht kommerziellen Gebrauch sind erlaubt. Die Darstellung dieser Website in fremden Frames ist nur mit schriftlicher Erlaubnis zul\u00e4ssig.<\/p>\n<p>Die Verwendung des Impressums zur gewerblichen Werbung ohne vorherige schriftliche Einwilligung ist verboten, es sei denn, es besteht bereits eine Gesch\u00e4ftsbeziehung. Der Anbieter und alle auf dieser Website genannten Personen lehnen hiermit jeder kommerziellen Verwendung und Weitergabe ihrer Daten ab.<\/p>\n<\/div>\n<p><!--more--><br \/>\n<!-- {\"type\":\"layout\",\"children\":[{\"type\":\"section\",\"props\":{\"header_transparent\":true,\"header_transparent_text_color\":\"light\",\"image_position\":\"center-center\",\"padding_remove_top\":true,\"style\":\"secondary\",\"title_breakpoint\":\"xl\",\"title_position\":\"top-left\",\"title_rotation\":\"left\",\"vertical_align\":\"\",\"width\":\"xlarge\"},\"children\":[{\"type\":\"row\",\"props\":{\"margin\":\"medium\"},\"children\":[{\"type\":\"column\",\"props\":{\"image_position\":\"center-center\",\"position_sticky_breakpoint\":\"m\",\"width_medium\":\"1-1\"},\"children\":[{\"type\":\"headline\",\"props\":{\"content\":\"Impressum\",\"text_align\":\"center\",\"title_decoration\":\"line\",\"title_element\":\"h1\",\"title_style\":\"h1\"}}]}]},{\"type\":\"row\",\"props\":{\"margin\":\"medium\",\"width\":\"large\"},\"children\":[{\"type\":\"column\",\"props\":{\"image_position\":\"center-center\",\"position_sticky_breakpoint\":\"m\",\"width_medium\":\"1-1\"},\"children\":[{\"name\":\"headline SUB\",\"type\":\"headline\",\"props\":{\"content\":\"Reiseveranstalter der Full Metal Cruise ist die TUI Cruises GmbH.\",\"title_element\":\"h3\"}}]}]},{\"type\":\"row\",\"props\":{\"layout\":\"1-2,1-2\",\"margin\":\"medium\",\"width\":\"large\"},\"children\":[{\"type\":\"column\",\"props\":{\"image_position\":\"center-center\",\"position_sticky_breakpoint\":\"m\",\"width_medium\":\"1-2\"},\"children\":[{\"type\":\"text\",\"props\":{\"column_breakpoint\":\"m\",\"content\":\"\n\n<p>F\\u00fcr die Reise gelten ausschlie\\u00dflich die Reise-und Bef\\u00f6rderungsbedingungen sowie die AGB von TUI Cruises.<br \\\/>Diese k\\u00f6nnen hier eingesehen werden: <a title=\\\"TUI Cruises - AGB\\\" href=\\\"http:\\\/\\\/www.tuicruises.com\\\/agb\\\" target=\\\"_blank\\\" rel=\\\"noopener\\\" data-htmlarea-external=\\\"1\\\"> TUI Cruises AGB<\\\/a><\\\/p>\\n\n\n<h3>TUI Cruises GmbH<\\\/h3>\\n\n\n<p>Heidenkampsweg 58<br \\\/>D-20097 Hamburg<br \\\/>Germany<\\\/p>\\n\n\n<p>Internet: <a title=\\\"TUI Cruises\\\" href=\\\"http:\\\/\\\/www.tuicruises.com\\\/\\\" target=\\\"_blank\\\" rel=\\\"noopener\\\">www.tuicruises.com<\\\/a><\\\/p>\\n\n\n<p>vertreten durch die Gesch\\u00e4ftsf\\u00fchrung der TUI Cruises GmbH:<br \\\/>Wybcke Meier (Vorsitzende), Frank Kuhlmann<\\\/p>\\n\n\n<p>Sitz der Gesellschaft: Hamburg<br \\\/>Handelsregister: Amtsgericht Hamburg<br \\\/>HRB 105222<br \\\/>Umsatzsteuer-ID: DE-259608001<\\\/p>\",\"margin\":\"default\"}}]},{\"type\":\"column\",\"props\":{\"image_position\":\"center-center\",\"position_sticky_breakpoint\":\"m\",\"width_medium\":\"1-2\"},\"children\":[{\"type\":\"text\",\"props\":{\"column_breakpoint\":\"m\",\"content\":\"\n\n<h3>Verantwortlich f\\u00fcr die Webseite:<\\\/h3>\\n\n\n<p>Angaben gem\\u00e4\\u00df \\u00a75 TMG:<\\\/p>\\n\n\n<p>Full Entertainment GmbH<br \\\/>Schenefelder Str. 17<br \\\/>25596 Wacken<\\\/p>\\n\n\n<p>Handelsregisternummer: HRA 7631 PI<br \\\/>Amtsgericht Pinneberg<br \\\/>USt-Id.Nr. DE301982008<\\\/p>\\n\n\n<p>Gesch\\u00e4ftsf\\u00fchrer: Holger H\\u00fcbner<\\\/p>\\n\n\n<h3>Datenschutzbeauftragter<\\\/h3>\\n\n\n<p>Reinher Karl<br \\\/>HABEWI GmbH &amp; Co. KG, Palmaille 96, 22767 Hamburg<br \\\/>Telefon: 040\\\/ 18189800<br \\\/>Fax: 040\\\/ 181898099<br \\\/>E-Mail: datenschutz@habewi.de<\\\/p>\",\"margin\":\"default\"}}]}]},{\"type\":\"row\",\"props\":{\"layout\":\"1-2,1-2\",\"width\":\"large\"},\"children\":[{\"type\":\"column\",\"props\":{\"image_position\":\"center-center\",\"position_sticky_breakpoint\":\"m\",\"width_medium\":\"1-2\"},\"children\":[{\"name\":\"headline SUB\",\"type\":\"headline\",\"props\":{\"content\":\"Webdesign\",\"title_element\":\"h3\"}},{\"type\":\"text\",\"props\":{\"column_breakpoint\":\"m\",\"content\":\"\n\n<p><a href=\\\"https:\\\/\\\/www.buntmetall.net\\\">BUNTMETALL UG<\\\/a><\\\/p>\",\"margin\":\"default\"}}]},{\"type\":\"column\",\"props\":{\"image_position\":\"center-center\",\"position_sticky_breakpoint\":\"m\",\"width_medium\":\"1-2\"},\"children\":[{\"name\":\"headline SUB\",\"type\":\"headline\",\"props\":{\"content\":\"Fotos\",\"title_element\":\"h3\"}},{\"type\":\"text\",\"props\":{\"column_breakpoint\":\"m\",\"content\":\"Buntmetall, Uli Schaarschmidt, Voll Vincent\",\"margin\":\"default\",\"text_align\":\"left\"}}]}]},{\"type\":\"row\",\"children\":[{\"type\":\"column\",\"props\":{\"image_position\":\"center-center\",\"position_sticky_breakpoint\":\"m\",\"width_medium\":\"1-1\"},\"children\":[{\"name\":\"headline H2\",\"type\":\"headline\",\"props\":{\"content\":\"Haftungsausschluss\",\"title_element\":\"h3\",\"title_style\":\"h2\"}},{\"name\":\"headline SUB\",\"type\":\"headline\",\"props\":{\"content\":\"Haftung f\\u00fcr Inhalte\",\"title_element\":\"h3\"}},{\"type\":\"text\",\"props\":{\"column\":\"1-3\",\"column_breakpoint\":\"m\",\"content\":\"\n\n<p>Die Inhalte dieser Website sind mit verkehrs\\u00fcblicher Sorgfalt erstellt, jedoch \\u00fcbernimmt der Anbieter keine Gew\\u00e4hr daf\\u00fcr, dass diese richtig, vollst\\u00e4ndig und aktuell sind. Die Nutzung aller Inhalte erfolgt auf eigene Gefahr des Nutzers. Mit Namen versehene Beitr\\u00e4ge geben die Meinung des Autors und nicht des Anbieters wieder. Diese Website enth\\u00e4lt auch Verkn\\u00fcpfungen zu Websites Dritter (\\\"externe Links\\\"). Der Anbieter hat sich bei der Einrichtung der externen Links davon \\u00fcberzeugt, dass deren Inhalte keine Rechtsverst\\u00f6\\u00dfe darstellen. Der Anbieter hat weder Einfluss auf die Inhalte der durch externe Links verkn\\u00fcpften Seiten, noch deren gegenw\\u00e4rtige und k\\u00fcnftige Gestaltung. Das Setzen von externen Links zu diesen Inhalten bedeutet auch nicht, dass der Anbieter sie sich zu eigen macht. Eine anlassunabh\\u00e4ngige permanente Kontrolle der \\u00fcber externe Links verkn\\u00fcpften Inhalte ist f\\u00fcr den Anbieter nicht m\\u00f6glich. Bei Kenntnis von Rechtsverst\\u00f6\\u00dfen werden jedoch derartige externe Links unverz\\u00fcglich gel\\u00f6scht.<\\\/p>\\n\\n\n\n<p>Die auf dieser Website ver\\u00f6ffentlichten Inhalte sind urheber- und leistungsschutzrechtlich gesch\\u00fctzt. Jede nicht unmittelbar gesetzlich zugelassene Verwertung (insbesondere Vervielf\\u00e4ltigung, Bearbeitung, \\u00dcbersetzung, Einspeicherung, Verarbeitung oder Wiedergabe in Datenbanken oder anderen elektronischen Medien und Systemen) bedarf der vorherigen schriftlichen Zustimmung des Anbieters oder sonstigen Rechteinhabers. Inhalte und Rechte Dritter sind als solche gekennzeichnet. Die unerlaubte Verwertung oder Weitergabe der Inhalte (einzeln oder ganzer Seiten) ist verboten und strafbar. Nur Kopien und Downloads f\\u00fcr den pers\\u00f6nlichen, privaten und nicht kommerziellen Gebrauch sind erlaubt. Die Darstellung dieser Website in fremden Frames ist nur mit schriftlicher Erlaubnis zul\\u00e4ssig.<\\\/p>\\n\\n\n\n<p>Die Verwendung des Impressums zur gewerblichen Werbung ohne vorherige schriftliche Einwilligung ist verboten, es sei denn, es besteht bereits eine Gesch\\u00e4ftsbeziehung. Der Anbieter und alle auf dieser Website genannten Personen lehnen hiermit jeder kommerziellen Verwendung und Weitergabe ihrer Daten ab.<\\\/p>\",\"margin\":\"default\"}}]}],\"props\":{\"width\":\"large\"}}]}],\"version\":\"4.4.8\"} --><\/p>\n","protected":false},"excerpt":{"rendered":"<p>Impressum Reiseveranstalter der Full Metal Cruise ist die TUI Cruises GmbH. F\u00fcr die Reise gelten ausschlie\u00dflich die Reise-und Bef\u00f6rderungsbedingungen sowie die AGB von TUI Cruises.Diese k\u00f6nnen hier eingesehen werden: TUI Cruises AGB TUI Cruises GmbH Heidenkampsweg 58D-20097 HamburgGermany Internet: www.tuicruises.com vertreten durch die Gesch\u00e4ftsf\u00fchrung der TUI Cruises GmbH:Wybcke Meier (Vorsitzende), Frank Kuhlmann Sitz der Gesellschaft: [&hellip;]<\/p>\n","protected":false},"author":2,"featured_media":0,"parent":0,"menu_order":0,"comment_status":"closed","ping_status":"closed","template":"","meta":{"footnotes":""},"class_list":["post-668","page","type-page","status-publish","hentry"],"yoast_head":"<!-- This site is optimized with the Yoast SEO plugin v26.6 - https:\/\/yoast.com\/wordpress\/plugins\/seo\/ -->\n<title>Impressum - FMC XIII<\/title>\n<meta name=\"robots\" content=\"index, follow, max-snippet:-1, max-image-preview:large, max-video-preview:-1\" \/>\n<link rel=\"canonical\" href=\"https:\/\/www.full-metal-cruise.com\/de\/impressum\/\" \/>\n<meta property=\"og:locale\" content=\"de_DE\" \/>\n<meta property=\"og:type\" content=\"article\" \/>\n<meta property=\"og:title\" content=\"Impressum - FMC XIII\" \/>\n<meta property=\"og:description\" content=\"Impressum Reiseveranstalter der Full Metal Cruise ist die TUI Cruises GmbH. F\u00fcr die Reise gelten ausschlie\u00dflich die Reise-und Bef\u00f6rderungsbedingungen sowie die AGB von TUI Cruises.Diese k\u00f6nnen hier eingesehen werden: TUI Cruises AGB TUI Cruises GmbH Heidenkampsweg 58D-20097 HamburgGermany Internet: www.tuicruises.com vertreten durch die Gesch\u00e4ftsf\u00fchrung der TUI Cruises GmbH:Wybcke Meier (Vorsitzende), Frank Kuhlmann Sitz der Gesellschaft: [&hellip;]\" \/>\n<meta property=\"og:url\" content=\"https:\/\/www.full-metal-cruise.com\/de\/impressum\/\" \/>\n<meta property=\"og:site_name\" content=\"FMC XIII\" \/>\n<meta property=\"article:modified_time\" content=\"2024-09-18T16:49:09+00:00\" \/>\n<meta name=\"twitter:card\" content=\"summary_large_image\" \/>\n<meta name=\"twitter:label1\" content=\"Gesch\u00e4tzte Lesezeit\" \/>\n\t<meta name=\"twitter:data1\" content=\"2\u00a0Minuten\" \/>\n<script type=\"application\/ld+json\" class=\"yoast-schema-graph\">{\"@context\":\"https:\/\/schema.org\",\"@graph\":[{\"@type\":\"WebPage\",\"@id\":\"https:\/\/www.full-metal-cruise.com\/impressum\/\",\"url\":\"https:\/\/www.full-metal-cruise.com\/impressum\/\",\"name\":\"Impressum - FMC XIII\",\"isPartOf\":{\"@id\":\"https:\/\/www.full-metal-cruise.com\/#website\"},\"datePublished\":\"2018-12-11T14:41:25+00:00\",\"dateModified\":\"2024-09-18T16:49:09+00:00\",\"breadcrumb\":{\"@id\":\"https:\/\/www.full-metal-cruise.com\/impressum\/#breadcrumb\"},\"inLanguage\":\"de\",\"potentialAction\":[{\"@type\":\"ReadAction\",\"target\":[\"https:\/\/www.full-metal-cruise.com\/impressum\/\"]}]},{\"@type\":\"BreadcrumbList\",\"@id\":\"https:\/\/www.full-metal-cruise.com\/impressum\/#breadcrumb\",\"itemListElement\":[{\"@type\":\"ListItem\",\"position\":1,\"name\":\"Startseite\",\"item\":\"https:\/\/www.full-metal-cruise.com\/\"},{\"@type\":\"ListItem\",\"position\":2,\"name\":\"Impressum\"}]},{\"@type\":\"WebSite\",\"@id\":\"https:\/\/www.full-metal-cruise.com\/#website\",\"url\":\"https:\/\/www.full-metal-cruise.com\/\",\"name\":\"FMC XIII\",\"description\":\"Full Metal Cruise XIII\",\"potentialAction\":[{\"@type\":\"SearchAction\",\"target\":{\"@type\":\"EntryPoint\",\"urlTemplate\":\"https:\/\/www.full-metal-cruise.com\/?s={search_term_string}\"},\"query-input\":{\"@type\":\"PropertyValueSpecification\",\"valueRequired\":true,\"valueName\":\"search_term_string\"}}],\"inLanguage\":\"de\"}]}<\/script>\n<!-- \/ Yoast SEO plugin. -->","yoast_head_json":{"title":"Impressum - FMC XIII","robots":{"index":"index","follow":"follow","max-snippet":"max-snippet:-1","max-image-preview":"max-image-preview:large","max-video-preview":"max-video-preview:-1"},"canonical":"https:\/\/www.full-metal-cruise.com\/de\/impressum\/","og_locale":"de_DE","og_type":"article","og_title":"Impressum - FMC XIII","og_description":"Impressum Reiseveranstalter der Full Metal Cruise ist die TUI Cruises GmbH. F\u00fcr die Reise gelten ausschlie\u00dflich die Reise-und Bef\u00f6rderungsbedingungen sowie die AGB von TUI Cruises.Diese k\u00f6nnen hier eingesehen werden: TUI Cruises AGB TUI Cruises GmbH Heidenkampsweg 58D-20097 HamburgGermany Internet: www.tuicruises.com vertreten durch die Gesch\u00e4ftsf\u00fchrung der TUI Cruises GmbH:Wybcke Meier (Vorsitzende), Frank Kuhlmann Sitz der Gesellschaft: [&hellip;]","og_url":"https:\/\/www.full-metal-cruise.com\/de\/impressum\/","og_site_name":"FMC XIII","article_modified_time":"2024-09-18T16:49:09+00:00","twitter_card":"summary_large_image","twitter_misc":{"Gesch\u00e4tzte Lesezeit":"2\u00a0Minuten"},"schema":{"@context":"https:\/\/schema.org","@graph":[{"@type":"WebPage","@id":"https:\/\/www.full-metal-cruise.com\/impressum\/","url":"https:\/\/www.full-metal-cruise.com\/impressum\/","name":"Impressum - FMC XIII","isPartOf":{"@id":"https:\/\/www.full-metal-cruise.com\/#website"},"datePublished":"2018-12-11T14:41:25+00:00","dateModified":"2024-09-18T16:49:09+00:00","breadcrumb":{"@id":"https:\/\/www.full-metal-cruise.com\/impressum\/#breadcrumb"},"inLanguage":"de","potentialAction":[{"@type":"ReadAction","target":["https:\/\/www.full-metal-cruise.com\/impressum\/"]}]},{"@type":"BreadcrumbList","@id":"https:\/\/www.full-metal-cruise.com\/impressum\/#breadcrumb","itemListElement":[{"@type":"ListItem","position":1,"name":"Startseite","item":"https:\/\/www.full-metal-cruise.com\/"},{"@type":"ListItem","position":2,"name":"Impressum"}]},{"@type":"WebSite","@id":"https:\/\/www.full-metal-cruise.com\/#website","url":"https:\/\/www.full-metal-cruise.com\/","name":"FMC XIII","description":"Full Metal Cruise XIII","potentialAction":[{"@type":"SearchAction","target":{"@type":"EntryPoint","urlTemplate":"https:\/\/www.full-metal-cruise.com\/?s={search_term_string}"},"query-input":{"@type":"PropertyValueSpecification","valueRequired":true,"valueName":"search_term_string"}}],"inLanguage":"de"}]}},"_links":{"self":[{"href":"https:\/\/www.full-metal-cruise.com\/de\/wp-json\/wp\/v2\/pages\/668","targetHints":{"allow":["GET"]}}],"collection":[{"href":"https:\/\/www.full-metal-cruise.com\/de\/wp-json\/wp\/v2\/pages"}],"about":[{"href":"https:\/\/www.full-metal-cruise.com\/de\/wp-json\/wp\/v2\/types\/page"}],"author":[{"embeddable":true,"href":"https:\/\/www.full-metal-cruise.com\/de\/wp-json\/wp\/v2\/users\/2"}],"replies":[{"embeddable":true,"href":"https:\/\/www.full-metal-cruise.com\/de\/wp-json\/wp\/v2\/comments?post=668"}],"version-history":[{"count":21,"href":"https:\/\/www.full-metal-cruise.com\/de\/wp-json\/wp\/v2\/pages\/668\/revisions"}],"predecessor-version":[{"id":2452,"href":"https:\/\/www.full-metal-cruise.com\/de\/wp-json\/wp\/v2\/pages\/668\/revisions\/2452"}],"wp:attachment":[{"href":"https:\/\/www.full-metal-cruise.com\/de\/wp-json\/wp\/v2\/media?parent=668"}],"curies":[{"name":"wp","href":"https:\/\/api.w.org\/{rel}","templated":true}]}}